{"id":3197,"date":"2021-05-31T23:43:00","date_gmt":"2021-05-31T21:43:00","guid":{"rendered":"https:\/\/www.joanbardina.com\/afa\/?post_type=product&#038;p=3197"},"modified":"2026-04-14T14:48:21","modified_gmt":"2026-04-14T12:48:21","slug":"samarreta-maniga-llarga-tecnica","status":"publish","type":"product","link":"https:\/\/www.joanbardina.com\/afa\/botiga\/samarreta-maniga-llarga-tecnica\/","title":{"rendered":"SAMARRETA MANIGA LLARGA T\u00c8CNICA"},"content":{"rendered":"","protected":false},"excerpt":{"rendered":"<p>(a partir de la talla 14)<\/p>\n<p>Com a refer\u00e8ncia per fer la comanda, informar-vos que el tallatge del nou model \u00e9s exactament igual al del model antic. Tamb\u00e9 podeu consultar les mides de cada talla al seg\u00fcent enlla\u00e7: <a href=\"https:\/\/cutt.ly\/0gIUzfw\" target=\"_blank\" rel=\"noopener\">https:\/\/cutt.ly\/0gIUzfw<\/a><\/p>\n","protected":false},"featured_media":3189,"template":"","meta":[],"product_brand":[],"product_cat":[60],"product_tag":[],"class_list":{"0":"post-3197","1":"product","2":"type-product","3":"status-publish","4":"has-post-thumbnail","6":"product_cat-sense-categoria","8":"first","9":"instock","10":"taxable","11":"shipping-taxable","12":"purchasable","13":"product-type-variable"},"_links":{"self":[{"href":"https:\/\/www.joanbardina.com\/afa\/wp-json\/wp\/v2\/product\/3197","targetHints":{"allow":["GET"]}}],"collection":[{"href":"https:\/\/www.joanbardina.com\/afa\/wp-json\/wp\/v2\/product"}],"about":[{"href":"https:\/\/www.joanbardina.com\/afa\/wp-json\/wp\/v2\/types\/product"}],"wp:featuredmedia":[{"embeddable":true,"href":"https:\/\/www.joanbardina.com\/afa\/wp-json\/wp\/v2\/media\/3189"}],"wp:attachment":[{"href":"https:\/\/www.joanbardina.com\/afa\/wp-json\/wp\/v2\/media?parent=3197"}],"wp:term":[{"taxonomy":"product_brand","embeddable":true,"href":"https:\/\/www.joanbardina.com\/afa\/wp-json\/wp\/v2\/product_brand?post=3197"},{"taxonomy":"product_cat","embeddable":true,"href":"https:\/\/www.joanbardina.com\/afa\/wp-json\/wp\/v2\/product_cat?post=3197"},{"taxonomy":"product_tag","embeddable":true,"href":"https:\/\/www.joanbardina.com\/afa\/wp-json\/wp\/v2\/product_tag?post=3197"}],"curies":[{"name":"wp","href":"https:\/\/api.w.org\/{rel}","templated":true}]}}