{"id":3174,"date":"2021-05-31T23:37:19","date_gmt":"2021-05-31T21:37:19","guid":{"rendered":"https:\/\/www.joanbardina.com\/afa\/?post_type=product&#038;p=3174"},"modified":"2026-04-06T19:42:41","modified_gmt":"2026-04-06T17:42:41","slug":"malla","status":"publish","type":"product","link":"https:\/\/www.joanbardina.com\/afa\/botiga\/malla\/","title":{"rendered":"MALLA"},"content":{"rendered":"","protected":false},"excerpt":{"rendered":"<p>Com a refer\u00e8ncia per fer la comanda, informar-vos que el tallatge del nou model \u00e9s exactament igual al del model antic. Tamb\u00e9 podeu consultar les mides de cada talla al seg\u00fcent enlla\u00e7: <a href=\"https:\/\/cutt.ly\/0gIUzfw\" target=\"_blank\" rel=\"noopener\">https:\/\/cutt.ly\/0gIUzfw<\/a><\/p>\n","protected":false},"featured_media":3338,"template":"","meta":[],"product_brand":[],"product_cat":[60],"product_tag":[],"class_list":{"0":"post-3174","1":"product","2":"type-product","3":"status-publish","4":"has-post-thumbnail","6":"product_cat-sense-categoria","8":"first","9":"instock","10":"taxable","11":"shipping-taxable","12":"purchasable","13":"product-type-variable"},"_links":{"self":[{"href":"https:\/\/www.joanbardina.com\/afa\/wp-json\/wp\/v2\/product\/3174","targetHints":{"allow":["GET"]}}],"collection":[{"href":"https:\/\/www.joanbardina.com\/afa\/wp-json\/wp\/v2\/product"}],"about":[{"href":"https:\/\/www.joanbardina.com\/afa\/wp-json\/wp\/v2\/types\/product"}],"wp:featuredmedia":[{"embeddable":true,"href":"https:\/\/www.joanbardina.com\/afa\/wp-json\/wp\/v2\/media\/3338"}],"wp:attachment":[{"href":"https:\/\/www.joanbardina.com\/afa\/wp-json\/wp\/v2\/media?parent=3174"}],"wp:term":[{"taxonomy":"product_brand","embeddable":true,"href":"https:\/\/www.joanbardina.com\/afa\/wp-json\/wp\/v2\/product_brand?post=3174"},{"taxonomy":"product_cat","embeddable":true,"href":"https:\/\/www.joanbardina.com\/afa\/wp-json\/wp\/v2\/product_cat?post=3174"},{"taxonomy":"product_tag","embeddable":true,"href":"https:\/\/www.joanbardina.com\/afa\/wp-json\/wp\/v2\/product_tag?post=3174"}],"curies":[{"name":"wp","href":"https:\/\/api.w.org\/{rel}","templated":true}]}}