{"id":3144,"date":"2021-05-31T23:30:13","date_gmt":"2021-05-31T21:30:13","guid":{"rendered":"https:\/\/www.joanbardina.com\/afa\/?post_type=product&#038;p=3144"},"modified":"2026-04-15T19:24:12","modified_gmt":"2026-04-15T17:24:12","slug":"pantalo-llarg","status":"publish","type":"product","link":"https:\/\/www.joanbardina.com\/afa\/botiga\/pantalo-llarg\/","title":{"rendered":"PANTAL\u00d3 LLARG"},"content":{"rendered":"","protected":false},"excerpt":{"rendered":"<p>Com a refer\u00e8ncia per fer la comanda, informar-vos que el tallatge del nou model \u00e9s exactament igual al del model antic. Tamb\u00e9 podeu consultar les mides de cada talla al seg\u00fcent enlla\u00e7: <a href=\"https:\/\/cutt.ly\/0gIUzfw\" target=\"_blank\" rel=\"noopener\">https:\/\/cutt.ly\/0gIUzfw<\/a><\/p>\n","protected":false},"featured_media":3145,"template":"","meta":[],"product_brand":[],"product_cat":[60],"product_tag":[],"class_list":{"0":"post-3144","1":"product","2":"type-product","3":"status-publish","4":"has-post-thumbnail","6":"product_cat-sense-categoria","8":"first","9":"instock","10":"taxable","11":"shipping-taxable","12":"purchasable","13":"product-type-variable"},"_links":{"self":[{"href":"https:\/\/www.joanbardina.com\/afa\/wp-json\/wp\/v2\/product\/3144","targetHints":{"allow":["GET"]}}],"collection":[{"href":"https:\/\/www.joanbardina.com\/afa\/wp-json\/wp\/v2\/product"}],"about":[{"href":"https:\/\/www.joanbardina.com\/afa\/wp-json\/wp\/v2\/types\/product"}],"wp:featuredmedia":[{"embeddable":true,"href":"https:\/\/www.joanbardina.com\/afa\/wp-json\/wp\/v2\/media\/3145"}],"wp:attachment":[{"href":"https:\/\/www.joanbardina.com\/afa\/wp-json\/wp\/v2\/media?parent=3144"}],"wp:term":[{"taxonomy":"product_brand","embeddable":true,"href":"https:\/\/www.joanbardina.com\/afa\/wp-json\/wp\/v2\/product_brand?post=3144"},{"taxonomy":"product_cat","embeddable":true,"href":"https:\/\/www.joanbardina.com\/afa\/wp-json\/wp\/v2\/product_cat?post=3144"},{"taxonomy":"product_tag","embeddable":true,"href":"https:\/\/www.joanbardina.com\/afa\/wp-json\/wp\/v2\/product_tag?post=3144"}],"curies":[{"name":"wp","href":"https:\/\/api.w.org\/{rel}","templated":true}]}}