{"id":7,"date":"2011-11-08T19:13:52","date_gmt":"2011-11-08T18:13:52","guid":{"rendered":"https:\/\/www.joanbardina.com\/afa\/blocampa\/?page_id=7"},"modified":"2019-12-24T10:15:42","modified_gmt":"2019-12-24T09:15:42","slug":"funcions","status":"publish","type":"page","link":"https:\/\/www.joanbardina.com\/afa\/funcions\/","title":{"rendered":"Funcions"},"content":{"rendered":"<p><strong>Presentaci\u00f3<\/strong><\/p>\n<p>L\u2019AFA Joan Bardina \u00e9s una entitat sense afany de lucre que agrupem els pares i les mares d\u2019alumnes&nbsp; de l\u2019escola.<\/p>\n<p>El nostre objectiu fonamental \u00e9s contribuir a la millora de la qualitat de l\u2019ensenyament que reben els infants a l\u2019escola.<\/p>\n<p>El seu funcionament es basa en el di\u00e0leg i en la col\u00b7laboraci\u00f3 amb els diversos sectors de la comunitat educativa.<\/p>\n<p><strong>Per a qu\u00e8 serveix?<\/strong><\/p>\n<p>Permet als pares i a les mares reflexionar i opinar sobre el funcionament quotidi\u00e0 de l\u2019escola i sobre temes educatius d\u2019abast m\u00e9s general.\u00c9s el principal interlocutor que t\u00e9 l&#8217;equip directiu per tractar els temes que afecten a tot el col\u00b7lectiu de fam\u00edlies.<\/p>\n<p>Administra i gestiona els recursos que aporten els associats.<\/p>\n<p>Participa en la presa de decisions al govern del col\u00b7legi, &nbsp;mitjan\u00e7ant representants al Consell Escolar del centre i a la Fundaci\u00f3 Joan Bardina.<\/p>\n\n\n<p><\/p>\n","protected":false},"excerpt":{"rendered":"<p>Presentaci\u00f3 L\u2019AFA Joan Bardina \u00e9s una entitat sense afany de lucre que agrupem els pares i les mares d\u2019alumnes&nbsp; de l\u2019escola. El nostre objectiu fonamental \u00e9s contribuir a la millora de la qualitat de l\u2019ensenyament que reben els infants a l\u2019escola. El seu funcionament es basa en el di\u00e0leg i en la col\u00b7laboraci\u00f3 amb els [&hellip;]<\/p>\n","protected":false},"author":4,"featured_media":0,"parent":0,"menu_order":3,"comment_status":"closed","ping_status":"closed","template":"","meta":{"footnotes":""},"class_list":["post-7","page","type-page","status-publish","hentry"],"_links":{"self":[{"href":"https:\/\/www.joanbardina.com\/afa\/wp-json\/wp\/v2\/pages\/7","targetHints":{"allow":["GET"]}}],"collection":[{"href":"https:\/\/www.joanbardina.com\/afa\/wp-json\/wp\/v2\/pages"}],"about":[{"href":"https:\/\/www.joanbardina.com\/afa\/wp-json\/wp\/v2\/types\/page"}],"author":[{"embeddable":true,"href":"https:\/\/www.joanbardina.com\/afa\/wp-json\/wp\/v2\/users\/4"}],"replies":[{"embeddable":true,"href":"https:\/\/www.joanbardina.com\/afa\/wp-json\/wp\/v2\/comments?post=7"}],"version-history":[{"count":4,"href":"https:\/\/www.joanbardina.com\/afa\/wp-json\/wp\/v2\/pages\/7\/revisions"}],"predecessor-version":[{"id":2869,"href":"https:\/\/www.joanbardina.com\/afa\/wp-json\/wp\/v2\/pages\/7\/revisions\/2869"}],"wp:attachment":[{"href":"https:\/\/www.joanbardina.com\/afa\/wp-json\/wp\/v2\/media?parent=7"}],"curies":[{"name":"wp","href":"https:\/\/api.w.org\/{rel}","templated":true}]}}