{"id":3325,"date":"2021-06-15T15:32:44","date_gmt":"2021-06-15T13:32:44","guid":{"rendered":"https:\/\/www.joanbardina.com\/afa\/?page_id=3325"},"modified":"2025-09-24T08:12:18","modified_gmt":"2025-09-24T06:12:18","slug":"envios-y-cancelacion","status":"publish","type":"page","link":"https:\/\/www.joanbardina.com\/afa\/envios-y-cancelacion\/","title":{"rendered":"Enviaments i Cancel\u00b7lacions"},"content":{"rendered":"<p data-start=\"51\" data-end=\"261\"><strong data-start=\"51\" data-end=\"66\">Enviaments:<\/strong><br data-start=\"66\" data-end=\"69\" \/>Les comandes realitzades a trav\u00e9s de la botiga de l\u2019AFA Joan Bardina s\u2019entregaran en m\u00e0, a l\u2019adre\u00e7a indicada, amb cita pr\u00e8via en la data escollida pel comprador en finalitzar la seva compra.<\/p>\n<p data-start=\"263\" data-end=\"469\"><strong data-start=\"263\" data-end=\"304\">Cancel\u00b7laci\u00f3 i devoluci\u00f3 de comandes:<\/strong><br data-start=\"304\" data-end=\"307\" \/>Els articles adquirits a trav\u00e9s de la botiga de l\u2019AFA Joan Bardina nom\u00e9s es podran retornar per motius de fabricaci\u00f3, producci\u00f3 o errors per part del prove\u00efdor.<\/p>\n<p data-start=\"471\" data-end=\"628\">La informaci\u00f3 relativa a mides i talles est\u00e0 accessible al web.<\/p>\n<p data-start=\"630\" data-end=\"734\">Si desitja cancel\u00b7lar una comanda ja realitzada, haur\u00e0 de contactar amb <strong data-start=\"702\" data-end=\"731\"><a class=\"decorated-link cursor-pointer\" rel=\"noopener\" data-start=\"704\" data-end=\"729\">botigaafa@joanbardina.com<\/a><\/strong><\/p>\n<p data-start=\"630\" data-end=\"734\"><strong data-start=\"736\" data-end=\"754\">Reemborsament:<\/strong><br data-start=\"754\" data-end=\"757\" \/>En cas de devoluci\u00f3, s\u2019abonar\u00e0 l\u2019import al client pel mitj\u00e0 pr\u00e8viament acordat amb ell, a trav\u00e9s del compte bancari.<\/p>\n<p>&nbsp;<\/p>\n<p><strong>Env\u00edos:<\/strong><br \/>\nLos pedidos realizados a trav\u00e9s de la tienda de AFA Joan Bardina se entregar\u00e1n en mano, en la direcci\u00f3n se\u00f1alada, bajo cita previa en la fecha elegida por el comprador al finalizar su compra.<\/p>\n<p><strong>Cancelaci\u00f3n y devoluci\u00f3n de pedidos:<\/strong><br \/>\nLos art\u00edculos adquiridos a trav\u00e9s de la tienda del AFA Joan Bardina, \u00fanicamente se podr\u00e1n devolver por motivos de fabricaci\u00f3n, producci\u00f3n o errores por parte del proveedor.<\/p>\n<p>La informaci\u00f3n relativa a medidas y tallas est\u00e1 accesible en la web.<\/p>\n<p>Si desea cancelar un pedido ya realizado, deber\u00e1 contactar con botigaafa@joanbardina.com.<\/p>\n<p><strong>Reembolso:<\/strong><br \/>\nEn caso de devoluci\u00f3n, se abonar\u00e1 el importe al cliente por el medio previamente pactado con \u00e9l, a trav\u00e9s de la cuenta bancaria.<\/p>\n","protected":false},"excerpt":{"rendered":"<p>Enviaments:Les comandes realitzades a trav\u00e9s de la botiga de l\u2019AFA Joan Bardina s\u2019entregaran en m\u00e0, a l\u2019adre\u00e7a indicada, amb cita pr\u00e8via en la data escollida pel comprador en finalitzar la seva compra. Cancel\u00b7laci\u00f3 i devoluci\u00f3 de comandes:Els articles adquirits a trav\u00e9s de la botiga de l\u2019AFA Joan Bardina nom\u00e9s es podran retornar per motius de [&hellip;]<\/p>\n","protected":false},"author":4,"featured_media":0,"parent":0,"menu_order":0,"comment_status":"closed","ping_status":"closed","template":"","meta":{"footnotes":""},"class_list":["post-3325","page","type-page","status-publish","hentry"],"_links":{"self":[{"href":"https:\/\/www.joanbardina.com\/afa\/wp-json\/wp\/v2\/pages\/3325","targetHints":{"allow":["GET"]}}],"collection":[{"href":"https:\/\/www.joanbardina.com\/afa\/wp-json\/wp\/v2\/pages"}],"about":[{"href":"https:\/\/www.joanbardina.com\/afa\/wp-json\/wp\/v2\/types\/page"}],"author":[{"embeddable":true,"href":"https:\/\/www.joanbardina.com\/afa\/wp-json\/wp\/v2\/users\/4"}],"replies":[{"embeddable":true,"href":"https:\/\/www.joanbardina.com\/afa\/wp-json\/wp\/v2\/comments?post=3325"}],"version-history":[{"count":5,"href":"https:\/\/www.joanbardina.com\/afa\/wp-json\/wp\/v2\/pages\/3325\/revisions"}],"predecessor-version":[{"id":5699,"href":"https:\/\/www.joanbardina.com\/afa\/wp-json\/wp\/v2\/pages\/3325\/revisions\/5699"}],"wp:attachment":[{"href":"https:\/\/www.joanbardina.com\/afa\/wp-json\/wp\/v2\/media?parent=3325"}],"curies":[{"name":"wp","href":"https:\/\/api.w.org\/{rel}","templated":true}]}}