{"id":12,"date":"2011-11-08T19:17:22","date_gmt":"2011-11-08T18:17:22","guid":{"rendered":"https:\/\/www.joanbardina.com\/afa\/blocampa\/?page_id=12"},"modified":"2023-02-07T14:17:48","modified_gmt":"2023-02-07T13:17:48","slug":"horari","status":"publish","type":"page","link":"https:\/\/www.joanbardina.com\/afa\/horari\/","title":{"rendered":"Horari"},"content":{"rendered":"<p style=\"text-align: center;\">Ll&#8217;atenci\u00f3 a les fam\u00edlies per part de l&#8217;equip de l&#8217;AFA de l&#8217;escola, es far\u00e0 a trav\u00e9s del correu electr\u00f2nic de l&#8217;Associaci\u00f3:<\/p>\n<p>afa@joanbardina.com<\/p>\n<p>&nbsp;<\/p>\n","protected":false},"excerpt":{"rendered":"<p>Ll&#8217;atenci\u00f3 a les fam\u00edlies per part de l&#8217;equip de l&#8217;AFA de l&#8217;escola, es far\u00e0 a trav\u00e9s del correu electr\u00f2nic de l&#8217;Associaci\u00f3: afa@joanbardina.com &nbsp;<\/p>\n","protected":false},"author":4,"featured_media":0,"parent":0,"menu_order":2,"comment_status":"closed","ping_status":"closed","template":"","meta":{"footnotes":""},"class_list":["post-12","page","type-page","status-publish","hentry"],"_links":{"self":[{"href":"https:\/\/www.joanbardina.com\/afa\/wp-json\/wp\/v2\/pages\/12","targetHints":{"allow":["GET"]}}],"collection":[{"href":"https:\/\/www.joanbardina.com\/afa\/wp-json\/wp\/v2\/pages"}],"about":[{"href":"https:\/\/www.joanbardina.com\/afa\/wp-json\/wp\/v2\/types\/page"}],"author":[{"embeddable":true,"href":"https:\/\/www.joanbardina.com\/afa\/wp-json\/wp\/v2\/users\/4"}],"replies":[{"embeddable":true,"href":"https:\/\/www.joanbardina.com\/afa\/wp-json\/wp\/v2\/comments?post=12"}],"version-history":[{"count":7,"href":"https:\/\/www.joanbardina.com\/afa\/wp-json\/wp\/v2\/pages\/12\/revisions"}],"predecessor-version":[{"id":4413,"href":"https:\/\/www.joanbardina.com\/afa\/wp-json\/wp\/v2\/pages\/12\/revisions\/4413"}],"wp:attachment":[{"href":"https:\/\/www.joanbardina.com\/afa\/wp-json\/wp\/v2\/media?parent=12"}],"curies":[{"name":"wp","href":"https:\/\/api.w.org\/{rel}","templated":true}]}}