{"id":1190,"date":"2015-10-01T21:12:23","date_gmt":"2015-10-01T19:12:23","guid":{"rendered":"https:\/\/www.joanbardina.com\/afa\/blocampa\/?page_id=1190"},"modified":"2024-10-14T16:20:11","modified_gmt":"2024-10-14T14:20:11","slug":"festes-organitzades-per-lampa","status":"publish","type":"page","link":"https:\/\/www.joanbardina.com\/afa\/festes-organitzades-per-lampa\/","title":{"rendered":"Festes organitzades per l&#8217;AFA"},"content":{"rendered":"<p style=\"text-align: left;\"><span style=\"color: #008000;\"><strong>SOPAR POPULAR DE BENVINGUDA<\/strong><\/span><\/p>\r\n<p style=\"text-align: left;\"><img loading=\"lazy\" decoding=\"async\" class=\"alignleft  wp-image-2835\" src=\"https:\/\/www.joanbardina.com\/afa\/wp-content\/uploads\/2019\/11\/benvinguda-300x206.jpg\" alt=\"\" width=\"207\" height=\"142\" \/><\/p>\r\n<p style=\"text-align: left;\">A finals de setembre, donem la benvinguda a totes les fam\u00edlies de l&#8217;escola. Es un moment per retrobar-nos i\/o establir nous vincles. Cada fam\u00edlia porta alguna cosa per sopar i beure i mentre comparteixen un moment agradable, els nens gaudeixen de racons de jocs i m\u00fasica.<\/p>\r\n<p>&nbsp;<\/p>\r\n<p>&nbsp;<\/p>\r\n<p>&nbsp;<\/p>\r\n<p>&nbsp;<\/p>\r\n<p style=\"text-align: left;\"><span style=\"color: #008000;\"><strong>CASTANYADA<a style=\"color: #db2723; transition: 300ms ease-out; outline: none; font-size: 14px; text-align: center;\" href=\"https:\/\/www.joanbardina.com\/afa\/wp-content\/uploads\/2021\/02\/WhatsApp-Image-2021-02-05-at-10.33.08.jpeg\"><img loading=\"lazy\" decoding=\"async\" class=\"wp-image-2990 size-medium alignright\" src=\"https:\/\/www.joanbardina.com\/afa\/wp-content\/uploads\/2021\/02\/WhatsApp-Image-2021-02-05-at-10.33.08-169x300.jpeg\" alt=\"\" width=\"169\" height=\"300\" srcset=\"https:\/\/www.joanbardina.com\/afa\/wp-content\/uploads\/2021\/02\/WhatsApp-Image-2021-02-05-at-10.33.08-169x300.jpeg 169w, https:\/\/www.joanbardina.com\/afa\/wp-content\/uploads\/2021\/02\/WhatsApp-Image-2021-02-05-at-10.33.08-600x1067.jpeg 600w, https:\/\/www.joanbardina.com\/afa\/wp-content\/uploads\/2021\/02\/WhatsApp-Image-2021-02-05-at-10.33.08-576x1024.jpeg 576w, https:\/\/www.joanbardina.com\/afa\/wp-content\/uploads\/2021\/02\/WhatsApp-Image-2021-02-05-at-10.33.08-768x1365.jpeg 768w, https:\/\/www.joanbardina.com\/afa\/wp-content\/uploads\/2021\/02\/WhatsApp-Image-2021-02-05-at-10.33.08-864x1536.jpeg 864w, https:\/\/www.joanbardina.com\/afa\/wp-content\/uploads\/2021\/02\/WhatsApp-Image-2021-02-05-at-10.33.08.jpeg 900w\" sizes=\"auto, (max-width: 169px) 100vw, 169px\" \/><\/a><\/strong><\/span><\/p>\r\n<p style=\"text-align: right;\">Per celebrar aquesta festa l&#8217;AFA s&#8217;encarrega de comprar castanyes i begudes pels alumnes de P3 a 6\u00e8 de prim\u00e0ria. Amb la col\u00b7laboraci\u00f3 de persones volunt\u00e0ries es tallen les castanyes i s&#8217;envien a cuinar a la cuina de l&#8217;escola.<\/p>\r\n<p style=\"text-align: right;\">Els alumnes de P3 fins a\u00a02n\u00a0reben la visita de Maria la Castanyera.<br \/>Pels alumnes de l&#8217;ESO l&#8217;AFA col\u00b7labora comprant els detallets pel concurs de Halloween.<\/p>\r\n<p style=\"text-align: left;\">\u00a0<\/p>\r\n<p>&nbsp;<\/p>\r\n<p>&nbsp;<\/p>\r\n<p>&nbsp;<\/p>\r\n<p style=\"text-align: left;\"><span style=\"color: #008000;\"><strong>FIRA D&#8217;HIVERN<\/strong><\/span><\/p>\r\n<p>&nbsp;<\/p>\r\n<p style=\"text-align: left;\">L&#8217;\u00faltim\u00a0dill<a style=\"color: #db2723; transition: 300ms ease-out; outline: none; text-align: center;\" href=\"https:\/\/www.joanbardina.com\/afa\/wp-content\/uploads\/2021\/02\/chocolatada.jpeg\"><img loading=\"lazy\" decoding=\"async\" class=\"wp-image-2989  alignleft\" src=\"https:\/\/www.joanbardina.com\/afa\/wp-content\/uploads\/2021\/02\/chocolatada-225x300.jpeg\" alt=\"\" width=\"180\" height=\"240\" srcset=\"https:\/\/www.joanbardina.com\/afa\/wp-content\/uploads\/2021\/02\/chocolatada-225x300.jpeg 225w, https:\/\/www.joanbardina.com\/afa\/wp-content\/uploads\/2021\/02\/chocolatada-600x800.jpeg 600w, https:\/\/www.joanbardina.com\/afa\/wp-content\/uploads\/2021\/02\/chocolatada-768x1024.jpeg 768w, https:\/\/www.joanbardina.com\/afa\/wp-content\/uploads\/2021\/02\/chocolatada-1152x1536.jpeg 1152w, https:\/\/www.joanbardina.com\/afa\/wp-content\/uploads\/2021\/02\/chocolatada.jpeg 1500w\" sizes=\"auto, (max-width: 180px) 100vw, 180px\" \/><\/a>uns\u00a0d&#8217;escola\u00a0abans de Nadal des de l&#8217;AFA\u00a0<span class=\"hiddenGrammarError\" style=\"padding-bottom: 2px; background-image: url('..\/..\/..\/..\/..\/images\/squiggle.png'); background-repeat: repeat-x; background-position: left bottom; cursor: default; color: #666666; font-family: 'Open Sans', Helvetica, Arial, sans-serif; font-size: 16px; font-style: normal; font-variant-ligatures: normal; font-variant-caps: normal; font-weight: 300; letter-spacing: normal; orphans: 2; text-align: start; text-indent: 0px; text-transform: none; white-space: normal; widows: 2; word-spacing: 0px; -webkit-text-stroke-width: 0px; text-decoration-thickness: initial; text-decoration-style: initial; text-decoration-color: initial;\">preparem<\/span> la Xocolatada!<br \/>Ens encarreguem de comprar la xocolata (que es prepara a l&#8217;escola) i melindros pels alumnes, personal de l&#8217;escola i fam\u00edlies!<br \/>\u00c9s\u00a0un dia molt\u00a0especial, ja que\u00a0mentre les fam\u00edlies gaudeixen de les\u00a0paradetes\u00a0amb les\u00a0treballs manuals\u00a0dels nens, poden gaudir d&#8217;una xocolata calenta.<\/p>\r\n<h6 style=\"text-align: left;\">\u00a0<\/h6>\r\n<p>&nbsp;<\/p>\r\n<p>&nbsp;<\/p>\r\n<p><span style=\"color: #db2723;\">\u00a0<\/span><\/p>\r\n<p>&nbsp;<\/p>\r\n<p><strong><span style=\"color: #008000;\">FOTOGRAFIA AMB EL PARE NOEL<\/span><\/strong><\/p>\r\n<p style=\"text-align: left;\">Les fotografies amb el Pare Noel \u00e9s un dels moments m\u00e9s m\u00e0gics de l&#8217;any.<br \/>El Pare Noel arriba a l&#8217;escola de la m\u00e0 dels alumnes de 4t d&#8217;ESO per omplir d&#8217;il\u00b7lusi\u00f3 als m\u00e9s petits de l&#8217;escola.<\/p>\r\n<p>&nbsp;<\/p>\r\n<p><strong><span style=\"color: #008000;\">PUJADA A SANT RAMON<\/span><\/strong><\/p>\r\n<p><a href=\"https:\/\/www.joanbardina.com\/afa\/wp-content\/uploads\/2021\/02\/WhatsApp-Image-2021-02-05-at-10.31.55.jpeg\"><img loading=\"lazy\" decoding=\"async\" class=\"size-medium wp-image-2991 alignright\" src=\"https:\/\/www.joanbardina.com\/afa\/wp-content\/uploads\/2021\/02\/WhatsApp-Image-2021-02-05-at-10.31.55-300x168.jpeg\" alt=\"\" width=\"300\" height=\"168\" srcset=\"https:\/\/www.joanbardina.com\/afa\/wp-content\/uploads\/2021\/02\/WhatsApp-Image-2021-02-05-at-10.31.55-300x168.jpeg 300w, https:\/\/www.joanbardina.com\/afa\/wp-content\/uploads\/2021\/02\/WhatsApp-Image-2021-02-05-at-10.31.55-600x337.jpeg 600w, https:\/\/www.joanbardina.com\/afa\/wp-content\/uploads\/2021\/02\/WhatsApp-Image-2021-02-05-at-10.31.55-1024x575.jpeg 1024w, https:\/\/www.joanbardina.com\/afa\/wp-content\/uploads\/2021\/02\/WhatsApp-Image-2021-02-05-at-10.31.55-768x431.jpeg 768w, https:\/\/www.joanbardina.com\/afa\/wp-content\/uploads\/2021\/02\/WhatsApp-Image-2021-02-05-at-10.31.55-1536x863.jpeg 1536w, https:\/\/www.joanbardina.com\/afa\/wp-content\/uploads\/2021\/02\/WhatsApp-Image-2021-02-05-at-10.31.55.jpeg 2048w\" sizes=\"auto, (max-width: 300px) 100vw, 300px\" \/><\/a><\/p>\r\n<p>&nbsp;<\/p>\r\n<p style=\"text-align: right;\">Amb motiu de la Marat\u00f3 de TV3, organitzem una pujada a Sant Ramon amb les fam\u00edlies de l&#8217;escola per tal de recaptar diners per fer una donaci\u00f3 en nom de l&#8217;AFA de l&#8217;escola, a m\u00e9s a m\u00e9s, ens serveix per socialitzar amb altres fam\u00edlies en una jornada divertida i solid\u00e0ria.<\/p>\r\n<p>&nbsp;<\/p>\r\n<p>&nbsp;<\/p>\r\n<p>&nbsp;<\/p>\r\n<p style=\"text-align: left;\"><strong><span style=\"color: #008000;\">CARNESTOLTES\u00a0<\/span><\/strong><\/p>\r\n<p><a href=\"https:\/\/www.joanbardina.com\/afa\/wp-content\/uploads\/2021\/02\/carvanal.png\"><img loading=\"lazy\" decoding=\"async\" class=\"wp-image-3005 alignleft\" src=\"https:\/\/www.joanbardina.com\/afa\/wp-content\/uploads\/2021\/02\/carvanal-300x147.png\" alt=\"\" width=\"367\" height=\"180\" srcset=\"https:\/\/www.joanbardina.com\/afa\/wp-content\/uploads\/2021\/02\/carvanal-300x147.png 300w, https:\/\/www.joanbardina.com\/afa\/wp-content\/uploads\/2021\/02\/carvanal-600x294.png 600w, https:\/\/www.joanbardina.com\/afa\/wp-content\/uploads\/2021\/02\/carvanal-1024x501.png 1024w, https:\/\/www.joanbardina.com\/afa\/wp-content\/uploads\/2021\/02\/carvanal-768x376.png 768w, https:\/\/www.joanbardina.com\/afa\/wp-content\/uploads\/2021\/02\/carvanal.png 1491w\" sizes=\"auto, (max-width: 367px) 100vw, 367px\" \/><\/a><\/p>\r\n<p>L&#8217;equip docent de l&#8217;escola, quan s&#8217;apropa aquesta data, ens demana el material que necessita\u00a0 i\/o com l&#8217;hem de preparar.\u00a0<\/p>\r\n<p>L&#8217;AFA s&#8217;encarrega de comprar i amb l&#8217;ajuda de les fam\u00edlies ho preparem tot (retallar, pintar, etc.). Un cop tot fet i repartit, donem suport en l&#8217;organitzaci\u00f3 de la rua de divendres, que \u00e9s quan els infants disfressats surten al carrer, acompanyats dels familiars m\u00e9s atrevits. \u00c9s una de les festes m\u00e9s divertides.\u00a0<\/p>\r\n<p>&nbsp;<\/p>\r\n<p>&nbsp;<\/p>\r\n<p style=\"text-align: left;\"><strong><span style=\"color: #008000;\"> CARNABOI<a href=\"https:\/\/www.joanbardina.com\/afa\/wp-content\/uploads\/2021\/02\/carnaboi.png\"><img loading=\"lazy\" decoding=\"async\" class=\"wp-image-3004 size-medium alignright\" src=\"https:\/\/www.joanbardina.com\/afa\/wp-content\/uploads\/2021\/02\/carnaboi-300x225.png\" alt=\"\" width=\"300\" height=\"225\" srcset=\"https:\/\/www.joanbardina.com\/afa\/wp-content\/uploads\/2021\/02\/carnaboi-300x225.png 300w, https:\/\/www.joanbardina.com\/afa\/wp-content\/uploads\/2021\/02\/carnaboi-600x450.png 600w, https:\/\/www.joanbardina.com\/afa\/wp-content\/uploads\/2021\/02\/carnaboi-768x576.png 768w, https:\/\/www.joanbardina.com\/afa\/wp-content\/uploads\/2021\/02\/carnaboi.png 1024w\" sizes=\"auto, (max-width: 300px) 100vw, 300px\" \/><\/a><\/span><\/strong><\/p>\r\n<p style=\"text-align: left;\">L&#8217;equip responsable de l&#8217;AFA assisteix a les reunions que fa l&#8217;ajuntament per organitzar la rua municipal del CARNABOI.\u00a0<\/p>\r\n<p style=\"text-align: center;\">\u00a0<\/p>\r\n<p>Aprofitem les disfresses de divendres i la mateixa tem\u00e0tica per sortir a la rua. Muntem un cotxe amb m\u00fasica ben moguda i tots fem el recorregut marcat ballant, cantant i saltant. Aquesta \u00e9s una de les activitats en qu\u00e8 l&#8217;AFA gaudeix m\u00e9s, perqu\u00e8 estem tots junts fent pinya.\u00a0<\/p>\r\n<p>&nbsp;<\/p>\r\n<p>&nbsp;<\/p>\r\n<p>&nbsp;<\/p>\r\n<p><span style=\"color: #008000;\"><strong>FESTIVAL DE PRIMAVERA<\/strong><\/span><\/p>\r\n<p>El professorat i els alumnes preparen durant setmanes aquest festival. Les fam\u00edlies podem gaudir de balls, acudits, poesia&#8230; Tot un espectacle ben divertit!<br \/>Des de l&#8217;AFA col\u00b7laborem amb la log\u00edstica i el control de les entrades i sortides dels pares i alumnes. Tamb\u00e9 preparem la decoraci\u00f3 de l&#8217;escenari seguint les indicacions del professorat.<\/p>\r\n<p>&nbsp;<\/p>\r\n<p>&nbsp;<\/p>\r\n<p><strong><span style=\"color: #008000;\">FESTA DELS ESPORTS<\/span><\/strong><\/p>\r\n<p>La Festa Dels esports \u00e9s una festa organitzada per l&#8217;AFA. El seu objectiu, no nom\u00e9s \u00e9s recaptar diners per fer de la nostra escola un lloc accessible on qualsevol alumne es pugui moure i sentir-se lliure independentment de la seva condici\u00f3. \u00c9s molt m\u00e9s, \u00e9s una festa l\u00fadica on volem reunir tot all\u00f2 que cadasc\u00fa pugui aportar formant una gran fam\u00edlia remant junts per un b\u00e9 com\u00fa: l&#8217;accessibilitat.\u00a0<\/p>\r\n<p>Es pot ser voluntari, o aportar un premi o compartint amb nosaltres algun tal<a href=\"https:\/\/www.joanbardina.com\/afa\/wp-content\/uploads\/2021\/02\/festa-esports.png\"><img loading=\"lazy\" decoding=\"async\" class=\"size-medium wp-image-3006 alignleft\" src=\"https:\/\/www.joanbardina.com\/afa\/wp-content\/uploads\/2021\/02\/festa-esports-300x225.png\" alt=\"\" width=\"300\" height=\"225\" srcset=\"https:\/\/www.joanbardina.com\/afa\/wp-content\/uploads\/2021\/02\/festa-esports-300x225.png 300w, https:\/\/www.joanbardina.com\/afa\/wp-content\/uploads\/2021\/02\/festa-esports-600x450.png 600w, https:\/\/www.joanbardina.com\/afa\/wp-content\/uploads\/2021\/02\/festa-esports-1024x768.png 1024w, https:\/\/www.joanbardina.com\/afa\/wp-content\/uploads\/2021\/02\/festa-esports-768x576.png 768w, https:\/\/www.joanbardina.com\/afa\/wp-content\/uploads\/2021\/02\/festa-esports-1536x1152.png 1536w, https:\/\/www.joanbardina.com\/afa\/wp-content\/uploads\/2021\/02\/festa-esports.png 1600w\" sizes=\"auto, (max-width: 300px) 100vw, 300px\" \/><\/a>ent.<\/p>\r\n<p>En aquesta festa es fan jocs cooperatius on es tracta de no guanyar sol sin\u00f3 fer-ho en equip sense deixar enrere a cap persona. Aix\u00ed volem que els nens aprenguin valors com l&#8217;empatia, la solidaritat, formar part d&#8217;un grup on no ens deixar\u00e0 enrere, tan necessaris en l&#8217;\u00e8poca que vivim.<\/p>\r\n<p>Com a cloenda es fa un sorteig entre tots els participants amb premis donats per empreses, fam\u00edlies o particulars solidaris. Una festa bonica amb molts valors que no pots perdre&#8217;t! Si creus que pots aportar no dubtis en posar-te en contacte amb nosaltres, t&#8217;esperem!<\/p>\r\n<p>&nbsp;<\/p>\r\n<p>&nbsp;<\/p>\r\n<p>&nbsp;<\/p>\r\n<p style=\"text-align: left;\"><span style=\"color: #008000;\"><strong>SANT JORDI (JOCS FLORALS)<\/strong><\/span><\/p>\r\n<p style=\"text-align: left;\"><a href=\"https:\/\/www.joanbardina.com\/afa\/wp-content\/uploads\/2019\/11\/sant-jordi-206x300.jpg\"><img loading=\"lazy\" decoding=\"async\" class=\"wp-image-2832 alignright\" src=\"https:\/\/www.joanbardina.com\/afa\/wp-content\/uploads\/2019\/11\/sant-jordi-206x300.jpg\" alt=\"\" width=\"139\" height=\"202\" \/><\/a><\/p>\r\n<p>&nbsp;<\/p>\r\n<p style=\"text-align: right;\">Per celebrar el dia del llibre i la rosa. Des de l&#8217;AFA organitzem una petita representaci\u00f3 teatral de la llegenda de Sant Jordi dirigida als alumnes des de P3 a 4t de\u00a0prim\u00e0ria, per\u00f2 no sempre expliquem la llegenda tal qual, des de l&#8217;AFA i junt amb l&#8217;escola cada any representem una obra\u00a0diferent\u00a0que faci que els alumnes gaudeixin d&#8217;ella i es\u00a0sorprenguin cada any.<\/p>\r\n<p style=\"text-align: left;\">\u00a0<\/p>\r\n<p>&nbsp;<\/p>\r\n<p>&nbsp;<\/p>\r\n<p>&nbsp;<\/p>\r\n<p>&nbsp;<\/p>\r\n<p style=\"text-align: left;\"><span style=\"color: #008000;\"><strong>FESTA DE GRADUACI\u00d3<\/strong><\/span><\/p>\r\n<p style=\"text-align: left;\">Per celebrar que els nostres fills i filles han acabat amb escreix un cicle educatiu l&#8217;AFA organitza la Festa de Graduaci\u00f3 d&#8217;Infantil (P5), Prim\u00e0ria (<span class=\"hiddenGreenError\">6\u00e9<\/span>) i Secund\u00e0ria (4t d&#8217;ESO).<\/p>\r\n<p style=\"text-align: left;\">Son celebracions molt emotives i emocionats!!<br \/>L&#8217;\u00faltima\u00a0setmana de classe, es tria una tarda diferent per cadascun dels cursos per fer la celebraci\u00f3.<\/p>\r\n<ul>\r\n<li><strong><img loading=\"lazy\" decoding=\"async\" class=\"size-full wp-image-2839 alignright\" src=\"https:\/\/www.joanbardina.com\/afa\/wp-content\/uploads\/2019\/11\/graduacion-300x225.jpg\" alt=\"\" width=\"300\" height=\"225\" \/>Com l&#8217;organitzem?<\/strong><\/li>\r\n<\/ul>\r\n<p>-Es proporciona un birret a cada nen i nena durant l&#8217;acta<\/p>\r\n<p>&#8211; Es lloga una tarima, on en els nens i nenes\u00a0s\u00f3n\u00a0cridats a pujar per recollir el seu diploma de graduaci\u00f3.<\/p>\r\n<p>&#8211; Fem entrega de les orles, d&#8217;aquesta manera tenen un bonic record de tots els companys\/es, professor\/res que han tingut en aquesta etapa que estan\u00a0a punt\u00a0d&#8217;acabar.<\/p>\r\n<p>&#8211; Preparem un berenar per alumnes, pares, mares i professors, com a cloenda de la festa!<\/p>\r\n<p>&nbsp;<\/p>\r\n<p style=\"text-align: left;\"><strong><span style=\"color: #008000;\">AFA FESTA\u00a0<\/span><\/strong><\/p>\r\n<p>Aquesta \u00e9s la re<a href=\"https:\/\/www.joanbardina.com\/afa\/wp-content\/uploads\/2021\/02\/WhatsApp-Image-2021-02-05-at-10.46.19.jpeg\"><img loading=\"lazy\" decoding=\"async\" class=\"wp-image-2994 alignleft\" src=\"https:\/\/www.joanbardina.com\/afa\/wp-content\/uploads\/2021\/02\/WhatsApp-Image-2021-02-05-at-10.46.19-768x1024.jpeg\" alt=\"\" width=\"166\" height=\"220\" srcset=\"https:\/\/www.joanbardina.com\/afa\/wp-content\/uploads\/2021\/02\/WhatsApp-Image-2021-02-05-at-10.46.19-768x1024.jpeg 768w, https:\/\/www.joanbardina.com\/afa\/wp-content\/uploads\/2021\/02\/WhatsApp-Image-2021-02-05-at-10.46.19-600x800.jpeg 600w, https:\/\/www.joanbardina.com\/afa\/wp-content\/uploads\/2021\/02\/WhatsApp-Image-2021-02-05-at-10.46.19-225x300.jpeg 225w, https:\/\/www.joanbardina.com\/afa\/wp-content\/uploads\/2021\/02\/WhatsApp-Image-2021-02-05-at-10.46.19-1152x1536.jpeg 1152w, https:\/\/www.joanbardina.com\/afa\/wp-content\/uploads\/2021\/02\/WhatsApp-Image-2021-02-05-at-10.46.19.jpeg 1200w\" sizes=\"auto, (max-width: 166px) 100vw, 166px\" \/><\/a>ina de les festes. La m\u00e9s gran i la millor!<br \/>L&#8217;\u00faltim dissabte d&#8217;escola, l&#8217;AFA prepara\u00a0una festa\u00a0per tot l&#8217;alumnat i les seves fam\u00edlies.<br \/>Contractem una empresa que porta inflables gegants d&#8217;aire i aigua, jocs de taula, etc. que\u00a0\u00e9s\u00a0col\u00b7loquen\u00a0pels patis de l&#8217;escola.<\/p>\r\n<p>Comptem amb una mama volunt\u00e0ria que ens fa una\u00a0m\u00e0ster\u00a0classe\u00a0de\u00a0Zumba, fent-nos passar una bona estona ballant.<br \/>Per acabar el dia, tanquem amb la festa de l&#8217;escuma!<\/p>\r\n<p>\u00c9s un dia que tot gaudim\u00a0molt\u00edssim!<\/p>\r\n<p><\/p>","protected":false},"excerpt":{"rendered":"<p>SOPAR POPULAR DE BENVINGUDA A finals de setembre, donem la benvinguda a totes les fam\u00edlies de l&#8217;escola. Es un moment per retrobar-nos i\/o establir nous vincles. Cada fam\u00edlia porta alguna cosa per sopar i beure i mentre comparteixen un moment agradable, els nens gaudeixen de racons de jocs i m\u00fasica. &nbsp; &nbsp; &nbsp; &nbsp; CASTANYADA [&hellip;]<\/p>\n","protected":false},"author":4,"featured_media":0,"parent":0,"menu_order":8,"comment_status":"closed","ping_status":"closed","template":"","meta":{"footnotes":""},"class_list":["post-1190","page","type-page","status-publish","hentry"],"_links":{"self":[{"href":"https:\/\/www.joanbardina.com\/afa\/wp-json\/wp\/v2\/pages\/1190","targetHints":{"allow":["GET"]}}],"collection":[{"href":"https:\/\/www.joanbardina.com\/afa\/wp-json\/wp\/v2\/pages"}],"about":[{"href":"https:\/\/www.joanbardina.com\/afa\/wp-json\/wp\/v2\/types\/page"}],"author":[{"embeddable":true,"href":"https:\/\/www.joanbardina.com\/afa\/wp-json\/wp\/v2\/users\/4"}],"replies":[{"embeddable":true,"href":"https:\/\/www.joanbardina.com\/afa\/wp-json\/wp\/v2\/comments?post=1190"}],"version-history":[{"count":67,"href":"https:\/\/www.joanbardina.com\/afa\/wp-json\/wp\/v2\/pages\/1190\/revisions"}],"predecessor-version":[{"id":5238,"href":"https:\/\/www.joanbardina.com\/afa\/wp-json\/wp\/v2\/pages\/1190\/revisions\/5238"}],"wp:attachment":[{"href":"https:\/\/www.joanbardina.com\/afa\/wp-json\/wp\/v2\/media?parent=1190"}],"curies":[{"name":"wp","href":"https:\/\/api.w.org\/{rel}","templated":true}]}}