{"id":1166,"date":"2015-07-16T11:37:53","date_gmt":"2015-07-16T09:37:53","guid":{"rendered":"https:\/\/www.joanbardina.com\/afa\/blocampa\/?page_id=1166"},"modified":"2019-12-24T10:14:09","modified_gmt":"2019-12-24T09:14:09","slug":"privadesa","status":"publish","type":"page","link":"https:\/\/www.joanbardina.com\/afa\/privadesa\/","title":{"rendered":"Pol\u00edtica de privadesa"},"content":{"rendered":"\n<p>Segons normativa de maig de 2018 (RGPD)&nbsp;informen als usuaris d\u2019aquesta p\u00e0gina web de les mesures sobre la protecci\u00f3 de dades. <\/p>\n\n\n\n<h4 class=\"wp-block-heading\">Quines dades personals recollim:<\/h4>\n\n\n\n<h5 class=\"wp-block-heading\">Comentaris<\/h5>\n\n\n\n<p>Quan els visitants deixen comentaris al web, recollim les dades que es mostren al formulari de contacte, aix\u00ed com tamb\u00e9 l\u2019adre\u00e7a IP del visitant i la cadena de l\u2019agent de l\u2019usuari del navegador per ajudar a la detecci\u00f3 de missatges brossa.<\/p>\n\n\n\n<p>Una cadena anonimitzada creada a partir del correu electr\u00f2nic (tamb\u00e9 nomenat un hash) pot proporcionar-se al servei Gravatar per veure si l\u2019esteu usant. La pol\u00edtica de privadesa del servei Gravatar est\u00e0 disponible aqu\u00ed: https:\/\/automattic.com\/privacy\/. Una vegada aprovat el comentari, la imatge del vostre perfil \u00e9s visible al p\u00fablic al context del comentari.<\/p>\n\n\n\n<h5 class=\"wp-block-heading\">M\u00e8dia<\/h5>\n\n\n\n<p>Si pugeu imatges al lloc web, heu d\u2019evitar pujar imatges que incloguin dades de geolocalitzaci\u00f3 (EXIF GPS) incrustades. Els visitants del lloc web poden descarregar i extreure qualsevol informaci\u00f3 de les imatges de la web.<\/p>\n\n\n\n<h5 class=\"wp-block-heading\">Galetes<\/h5>\n\n\n\n<p>Si deixeu un comentari en la p\u00e0gina web, podeu optar per desar el nom, l\u2019adre\u00e7a de correu electr\u00f2nic i la p\u00e0gina web en les galetes. Aix\u00f2 \u00e9s per la vostra comoditat per a qu\u00e8 no hagueu d\u2019emplenar les dades de nou quan feu un altre comentari. Aquestes galetes duraran un any.<\/p>\n\n\n\n<p>Si teniu un compte i inicieu sessi\u00f3 en aquesta p\u00e0gina web, es definir\u00e0 una galeta temporal per determinar si el navegador accepta galetes. Aquesta galeta no cont\u00e9 dades personals i es descartar\u00e0 quan tanqueu el navegador.<\/p>\n\n\n\n<p>Quan inicieu sessi\u00f3, tamb\u00e9 es configuraran diverses galetes per desar la informaci\u00f3 d\u2019inici de sessi\u00f3 i les opcions de visualitzaci\u00f3 de la pantalla. Les galeres d\u2019inici de sessi\u00f3 duren dos dies, i les galetes de les opcions de pantalla duren un any. Si seleccioneu \u201cRecordeu-me\u201d, l\u2019inici de sessi\u00f3 persistir\u00e0 durant dos setmanes. Si finalitzeu la sessi\u00f3, les galetes d\u2019inici de sessi\u00f3 seran suprimides.<\/p>\n\n\n\n<p>Si editeu o publiqueu un article, una galeta addicional es desar\u00e0 al navegador. Aquesta galeta no inclou dades personals i simplement indica l\u2019identificador de l\u2019entrada que acabeu d\u2019editar. Expira despr\u00e9s d\u20191 dia.<\/p>\n","protected":false},"excerpt":{"rendered":"<p>Segons normativa de maig de 2018 (RGPD)&nbsp;informen als usuaris d\u2019aquesta p\u00e0gina web de les mesures sobre la protecci\u00f3 de dades. Quines dades personals recollim: Comentaris Quan els visitants deixen comentaris al web, recollim les dades que es mostren al formulari de contacte, aix\u00ed com tamb\u00e9 l\u2019adre\u00e7a IP del visitant i la cadena de l\u2019agent de [&hellip;]<\/p>\n","protected":false},"author":4,"featured_media":0,"parent":0,"menu_order":20,"comment_status":"closed","ping_status":"closed","template":"","meta":{"footnotes":""},"class_list":["post-1166","page","type-page","status-publish","hentry"],"_links":{"self":[{"href":"https:\/\/www.joanbardina.com\/afa\/wp-json\/wp\/v2\/pages\/1166","targetHints":{"allow":["GET"]}}],"collection":[{"href":"https:\/\/www.joanbardina.com\/afa\/wp-json\/wp\/v2\/pages"}],"about":[{"href":"https:\/\/www.joanbardina.com\/afa\/wp-json\/wp\/v2\/types\/page"}],"author":[{"embeddable":true,"href":"https:\/\/www.joanbardina.com\/afa\/wp-json\/wp\/v2\/users\/4"}],"replies":[{"embeddable":true,"href":"https:\/\/www.joanbardina.com\/afa\/wp-json\/wp\/v2\/comments?post=1166"}],"version-history":[{"count":8,"href":"https:\/\/www.joanbardina.com\/afa\/wp-json\/wp\/v2\/pages\/1166\/revisions"}],"predecessor-version":[{"id":2923,"href":"https:\/\/www.joanbardina.com\/afa\/wp-json\/wp\/v2\/pages\/1166\/revisions\/2923"}],"wp:attachment":[{"href":"https:\/\/www.joanbardina.com\/afa\/wp-json\/wp\/v2\/media?parent=1166"}],"curies":[{"name":"wp","href":"https:\/\/api.w.org\/{rel}","templated":true}]}}